{"id":92,"date":"2021-06-01T21:40:12","date_gmt":"2021-06-01T21:40:12","guid":{"rendered":"http:\/\/fs-inspection.com\/?page_id=92"},"modified":"2023-11-07T19:07:16","modified_gmt":"2023-11-08T00:07:16","slug":"home","status":"publish","type":"page","link":"https:\/\/fs-inspection.com\/","title":{"rendered":"home"},"content":{"rendered":"<body>\t\t<div data-elementor-type=\"wp-page\" data-elementor-id=\"92\" class=\"elementor elementor-92\" data-elementor-settings='{\"ha_cmc_init_switcher\":\"no\"}'>\n\t\t\t\t\t\t<section class=\"elementor-section elementor-top-section elementor-element elementor-element-e510a88 elementor-hidden-phone elementor-section-boxed elementor-section-height-default elementor-section-height-default\" data-id=\"e510a88\" data-element_type=\"section\" data-e-type=\"section\" data-settings='{\"_ha_eqh_enable\":false}'>\n\t\t\t\t\t\t<div class=\"elementor-container elementor-column-gap-default\">\n\t\t\t\t\t<div class=\"elementor-column elementor-col-100 elementor-top-column elementor-element elementor-element-5cd88fe\" data-id=\"5cd88fe\" data-element_type=\"column\" data-e-type=\"column\">\n\t\t\t<div class=\"elementor-widget-wrap elementor-element-populated\">\n\t\t\t\t\t\t\t<\/div>\n\t\t<\/div>\n\t\t\t\t\t<\/div>\n\t\t<\/section>\n\t\t\t\t<section class=\"elementor-section elementor-top-section elementor-element elementor-element-40aa55e elementor-hidden-desktop elementor-hidden-tablet elementor-section-boxed elementor-section-height-default elementor-section-height-default\" data-id=\"40aa55e\" data-element_type=\"section\" data-e-type=\"section\" data-settings='{\"_ha_eqh_enable\":false}'>\n\t\t\t\t\t\t<div class=\"elementor-container elementor-column-gap-default\">\n\t\t\t\t\t<div class=\"elementor-column elementor-col-100 elementor-top-column elementor-element elementor-element-734ffec\" data-id=\"734ffec\" data-element_type=\"column\" data-e-type=\"column\">\n\t\t\t<div class=\"elementor-widget-wrap elementor-element-populated\">\n\t\t\t\t\t\t<div class=\"elementor-element elementor-element-8ae1abb elementor-widget elementor-widget-image\" data-id=\"8ae1abb\" data-element_type=\"widget\" data-e-type=\"widget\" data-widget_type=\"image.default\">\n\t\t\t\t<div class=\"elementor-widget-container\">\n\t\t\t\t\t\t\t\t\t\t\t\t\t\t\t<img loading=\"lazy\" decoding=\"async\" width=\"1024\" height=\"509\" src=\"https:\/\/fs-inspection.com\/wp-content\/uploads\/2022\/12\/fs-inspection-slider-mobile-1024x509.png\" class=\"attachment-large size-large wp-image-811\" alt=\"\" srcset=\"https:\/\/fs-inspection.com\/wp-content\/uploads\/2022\/12\/fs-inspection-slider-mobile-1024x509.png 1024w, https:\/\/fs-inspection.com\/wp-content\/uploads\/2022\/12\/fs-inspection-slider-mobile-300x149.png 300w, https:\/\/fs-inspection.com\/wp-content\/uploads\/2022\/12\/fs-inspection-slider-mobile-768x382.png 768w, https:\/\/fs-inspection.com\/wp-content\/uploads\/2022\/12\/fs-inspection-slider-mobile.png 1195w\" sizes=\"auto, (max-width: 1024px) 100vw, 1024px\" loading=\"lazy\">\t\t\t\t\t\t\t\t\t\t\t\t\t\t\t<\/div>\n\t\t\t\t<\/div>\n\t\t\t\t\t<\/div>\n\t\t<\/div>\n\t\t\t\t\t<\/div>\n\t\t<\/section>\n\t\t\t\t<section class=\"elementor-section elementor-top-section elementor-element elementor-element-47d3d29 elementor-section-boxed elementor-section-height-default elementor-section-height-default\" data-id=\"47d3d29\" data-element_type=\"section\" data-e-type=\"section\" data-settings='{\"background_background\":\"classic\",\"_ha_eqh_enable\":false}'>\n\t\t\t\t\t\t<div class=\"elementor-container elementor-column-gap-default\">\n\t\t\t\t\t<div class=\"elementor-column elementor-col-100 elementor-top-column elementor-element elementor-element-e5edd24\" data-id=\"e5edd24\" data-element_type=\"column\" data-e-type=\"column\">\n\t\t\t<div class=\"elementor-widget-wrap elementor-element-populated\">\n\t\t\t\t\t\t<div class=\"elementor-element elementor-element-d98496b elementor-widget elementor-widget-heading\" data-id=\"d98496b\" data-element_type=\"widget\" data-e-type=\"widget\" data-widget_type=\"heading.default\">\n\t\t\t\t<div class=\"elementor-widget-container\">\n\t\t\t\t\t<h2 class=\"elementor-heading-title elementor-size-default\">Services\n<\/h2>\t\t\t\t<\/div>\n\t\t\t\t<\/div>\n\t\t\t\t<div class=\"elementor-element elementor-element-cfa95d7 elementor-widget elementor-widget-heading\" data-id=\"cfa95d7\" data-element_type=\"widget\" data-e-type=\"widget\" data-widget_type=\"heading.default\">\n\t\t\t\t<div class=\"elementor-widget-container\">\n\t\t\t\t\t<h2 class=\"elementor-heading-title elementor-size-default\">Types d\u2019inspection\n<\/h2>\t\t\t\t<\/div>\n\t\t\t\t<\/div>\n\t\t\t\t\t<\/div>\n\t\t<\/div>\n\t\t\t\t\t<\/div>\n\t\t<\/section>\n\t\t\t\t<section class=\"elementor-section elementor-top-section elementor-element elementor-element-8b51b55 elementor-section-boxed elementor-section-height-default elementor-section-height-default\" data-id=\"8b51b55\" data-element_type=\"section\" data-e-type=\"section\" data-settings='{\"background_background\":\"classic\",\"_ha_eqh_enable\":false}'>\n\t\t\t\t\t\t<div class=\"elementor-container elementor-column-gap-default\">\n\t\t\t\t\t<div class=\"elementor-column elementor-col-33 elementor-top-column elementor-element elementor-element-70394e8\" data-id=\"70394e8\" data-element_type=\"column\" data-e-type=\"column\">\n\t\t\t<div class=\"elementor-widget-wrap elementor-element-populated\">\n\t\t\t\t\t\t<section class=\"elementor-section elementor-inner-section elementor-element elementor-element-0847dcd elementor-section-boxed elementor-section-height-default elementor-section-height-default\" data-id=\"0847dcd\" data-element_type=\"section\" data-e-type=\"section\" data-settings='{\"background_background\":\"classic\",\"_ha_eqh_enable\":false}'>\n\t\t\t\t\t\t<div class=\"elementor-container elementor-column-gap-default\">\n\t\t\t\t\t<div class=\"elementor-column elementor-col-100 elementor-inner-column elementor-element elementor-element-f8287df\" data-id=\"f8287df\" data-element_type=\"column\" data-e-type=\"column\">\n\t\t\t<div class=\"elementor-widget-wrap elementor-element-populated\">\n\t\t\t\t\t\t<div class=\"elementor-element elementor-element-5b32f09 elementor-widget elementor-widget-image\" data-id=\"5b32f09\" data-element_type=\"widget\" data-e-type=\"widget\" data-widget_type=\"image.default\">\n\t\t\t\t<div class=\"elementor-widget-container\">\n\t\t\t\t\t\t\t\t\t\t\t\t\t\t\t<img loading=\"lazy\" decoding=\"async\" width=\"400\" height=\"400\" src=\"https:\/\/fs-inspection.com\/wp-content\/uploads\/2021\/06\/achat.png\" class=\"elementor-animation-grow attachment-large size-large wp-image-107\" alt=\"\" srcset=\"https:\/\/fs-inspection.com\/wp-content\/uploads\/2021\/06\/achat.png 400w, https:\/\/fs-inspection.com\/wp-content\/uploads\/2021\/06\/achat-300x300.png 300w, https:\/\/fs-inspection.com\/wp-content\/uploads\/2021\/06\/achat-150x150.png 150w\" sizes=\"auto, (max-width: 400px) 100vw, 400px\" loading=\"lazy\">\t\t\t\t\t\t\t\t\t\t\t\t\t\t\t<\/div>\n\t\t\t\t<\/div>\n\t\t\t\t\t<\/div>\n\t\t<\/div>\n\t\t\t\t\t<\/div>\n\t\t<\/section>\n\t\t\t\t<section class=\"elementor-section elementor-inner-section elementor-element elementor-element-58c5ce7 elementor-section-boxed elementor-section-height-default elementor-section-height-default\" data-id=\"58c5ce7\" data-element_type=\"section\" data-e-type=\"section\" data-settings='{\"background_background\":\"classic\",\"_ha_eqh_enable\":false}'>\n\t\t\t\t\t\t<div class=\"elementor-container elementor-column-gap-default\">\n\t\t\t\t\t<div class=\"elementor-column elementor-col-100 elementor-inner-column elementor-element elementor-element-4656ae7\" data-id=\"4656ae7\" data-element_type=\"column\" data-e-type=\"column\">\n\t\t\t<div class=\"elementor-widget-wrap elementor-element-populated\">\n\t\t\t\t\t\t<div class=\"elementor-element elementor-element-2dfe1fb elementor-widget elementor-widget-heading\" data-id=\"2dfe1fb\" data-element_type=\"widget\" data-e-type=\"widget\" data-widget_type=\"heading.default\">\n\t\t\t\t<div class=\"elementor-widget-container\">\n\t\t\t\t\t<h2 class=\"elementor-heading-title elementor-size-default\">Inspection Pr\u00e9 Achat<\/h2>\t\t\t\t<\/div>\n\t\t\t\t<\/div>\n\t\t\t\t\t<\/div>\n\t\t<\/div>\n\t\t\t\t\t<\/div>\n\t\t<\/section>\n\t\t\t\t<section class=\"elementor-section elementor-inner-section elementor-element elementor-element-315dfeb elementor-section-boxed elementor-section-height-default elementor-section-height-default\" data-id=\"315dfeb\" data-element_type=\"section\" data-e-type=\"section\" data-settings='{\"background_background\":\"classic\",\"_ha_eqh_enable\":false}'>\n\t\t\t\t\t\t<div class=\"elementor-container elementor-column-gap-default\">\n\t\t\t\t\t<div class=\"elementor-column elementor-col-100 elementor-inner-column elementor-element elementor-element-5cc2f03\" data-id=\"5cc2f03\" data-element_type=\"column\" data-e-type=\"column\">\n\t\t\t<div class=\"elementor-widget-wrap elementor-element-populated\">\n\t\t\t\t\t\t<div class=\"elementor-element elementor-element-8f84e9a elementor-widget elementor-widget-text-editor\" data-id=\"8f84e9a\" data-element_type=\"widget\" data-e-type=\"widget\" data-widget_type=\"text-editor.default\">\n\t\t\t\t<div class=\"elementor-widget-container\">\n\t\t\t\t\t\t\t\t\t<ul><li><span lang=\"FR-CA\">\u00c9tape absolument n\u00e9cessaire avant de proc\u00e9der \u00e0 l\u2019achat d\u2019une propri\u00e9t\u00e9;<\/span><\/li><li><span lang=\"FR-CA\">Obtention d\u2019un r\u00e9sum\u00e9 explicatif de l\u2019\u00e9tat visuel de la propri\u00e9t\u00e9;<\/span><\/li><li><span lang=\"FR-CA\">Permet d\u2019avoir en main tous les d\u00e9tails concernant l\u2019\u00e9tat g\u00e9n\u00e9ral de la propri\u00e9t\u00e9 et de ses composantes;<\/span><\/li><li><span lang=\"FR-CA\">Offre une opinion objective de la propri\u00e9t\u00e9 et de la gravit\u00e9 des corrections \u00e0 y apporter;<\/span><\/li><li><span lang=\"FR-CA\">Inspection effectu\u00e9e selon les crit\u00e8res d\u2019\u00e9valuation pr\u00e9d\u00e9finis par une Norme reconnue ( APCHQ );<\/span><\/li><li><span lang=\"FR-CA\">Remise d\u2019un rapport \u00e9crit complet, incluant photos et recommandations, dans un d\u00e9lai de 24 heures.<\/span><\/li><\/ul>\t\t\t\t\t\t\t\t<\/div>\n\t\t\t\t<\/div>\n\t\t\t\t\t<\/div>\n\t\t<\/div>\n\t\t\t\t\t<\/div>\n\t\t<\/section>\n\t\t\t\t\t<\/div>\n\t\t<\/div>\n\t\t\t\t<div class=\"elementor-column elementor-col-33 elementor-top-column elementor-element elementor-element-8185ce3\" data-id=\"8185ce3\" data-element_type=\"column\" data-e-type=\"column\">\n\t\t\t<div class=\"elementor-widget-wrap elementor-element-populated\">\n\t\t\t\t\t\t<section class=\"elementor-section elementor-inner-section elementor-element elementor-element-b8241c7 elementor-section-boxed elementor-section-height-default elementor-section-height-default\" data-id=\"b8241c7\" data-element_type=\"section\" data-e-type=\"section\" data-settings='{\"background_background\":\"classic\",\"_ha_eqh_enable\":false}'>\n\t\t\t\t\t\t<div class=\"elementor-container elementor-column-gap-default\">\n\t\t\t\t\t<div class=\"elementor-column elementor-col-100 elementor-inner-column elementor-element elementor-element-ce1c9be\" data-id=\"ce1c9be\" data-element_type=\"column\" data-e-type=\"column\">\n\t\t\t<div class=\"elementor-widget-wrap elementor-element-populated\">\n\t\t\t\t\t\t<div class=\"elementor-element elementor-element-c703c96 elementor-widget elementor-widget-image\" data-id=\"c703c96\" data-element_type=\"widget\" data-e-type=\"widget\" data-widget_type=\"image.default\">\n\t\t\t\t<div class=\"elementor-widget-container\">\n\t\t\t\t\t\t\t\t\t\t\t\t\t\t\t<img loading=\"lazy\" decoding=\"async\" width=\"400\" height=\"400\" src=\"https:\/\/fs-inspection.com\/wp-content\/uploads\/2021\/06\/pre-vente.png\" class=\"elementor-animation-grow attachment-large size-large wp-image-129\" alt=\"\" srcset=\"https:\/\/fs-inspection.com\/wp-content\/uploads\/2021\/06\/pre-vente.png 400w, https:\/\/fs-inspection.com\/wp-content\/uploads\/2021\/06\/pre-vente-300x300.png 300w, https:\/\/fs-inspection.com\/wp-content\/uploads\/2021\/06\/pre-vente-150x150.png 150w\" sizes=\"auto, (max-width: 400px) 100vw, 400px\" loading=\"lazy\">\t\t\t\t\t\t\t\t\t\t\t\t\t\t\t<\/div>\n\t\t\t\t<\/div>\n\t\t\t\t\t<\/div>\n\t\t<\/div>\n\t\t\t\t\t<\/div>\n\t\t<\/section>\n\t\t\t\t<section class=\"elementor-section elementor-inner-section elementor-element elementor-element-aa0d434 elementor-section-boxed elementor-section-height-default elementor-section-height-default\" data-id=\"aa0d434\" data-element_type=\"section\" data-e-type=\"section\" data-settings='{\"background_background\":\"classic\",\"_ha_eqh_enable\":false}'>\n\t\t\t\t\t\t<div class=\"elementor-container elementor-column-gap-default\">\n\t\t\t\t\t<div class=\"elementor-column elementor-col-100 elementor-inner-column elementor-element elementor-element-7bc2162\" data-id=\"7bc2162\" data-element_type=\"column\" data-e-type=\"column\">\n\t\t\t<div class=\"elementor-widget-wrap elementor-element-populated\">\n\t\t\t\t\t\t<div class=\"elementor-element elementor-element-c8b3e43 elementor-widget elementor-widget-heading\" data-id=\"c8b3e43\" data-element_type=\"widget\" data-e-type=\"widget\" data-widget_type=\"heading.default\">\n\t\t\t\t<div class=\"elementor-widget-container\">\n\t\t\t\t\t<h2 class=\"elementor-heading-title elementor-size-default\">Inspection Pr\u00e9 Vente\n<\/h2>\t\t\t\t<\/div>\n\t\t\t\t<\/div>\n\t\t\t\t\t<\/div>\n\t\t<\/div>\n\t\t\t\t\t<\/div>\n\t\t<\/section>\n\t\t\t\t<section class=\"elementor-section elementor-inner-section elementor-element elementor-element-0bb6417 elementor-section-boxed elementor-section-height-default elementor-section-height-default\" data-id=\"0bb6417\" data-element_type=\"section\" data-e-type=\"section\" data-settings='{\"background_background\":\"classic\",\"_ha_eqh_enable\":false}'>\n\t\t\t\t\t\t<div class=\"elementor-container elementor-column-gap-default\">\n\t\t\t\t\t<div class=\"elementor-column elementor-col-100 elementor-inner-column elementor-element elementor-element-788d4f7\" data-id=\"788d4f7\" data-element_type=\"column\" data-e-type=\"column\">\n\t\t\t<div class=\"elementor-widget-wrap elementor-element-populated\">\n\t\t\t\t\t\t<div class=\"elementor-element elementor-element-4a2c1e7 elementor-widget elementor-widget-text-editor\" data-id=\"4a2c1e7\" data-element_type=\"widget\" data-e-type=\"widget\" data-widget_type=\"text-editor.default\">\n\t\t\t\t<div class=\"elementor-widget-container\">\n\t\t\t\t\t\t\t\t\t<ul><li><span lang=\"FR-CA\">Un choix judicieux avant la mise en vente de sa propri\u00e9t\u00e9;<\/span><\/li><li><span lang=\"FR-CA\">Obtention d\u2019un r\u00e9sum\u00e9 explicatif de l\u2019\u00e9tat visuel de la propri\u00e9t\u00e9;<\/span><\/li><li><span lang=\"FR-CA\">Permet d\u2019avoir en main tous les d\u00e9tails concernant l\u2019\u00e9tat g\u00e9n\u00e9ral de votre propri\u00e9t\u00e9 et de ses composantes;<\/span><\/li><li><span lang=\"FR-CA\">Permet de d\u00e9celer les imperfections que vous n\u2019auriez pas d\u00e9j\u00e0 constat\u00e9es;<\/span><\/li><li><span lang=\"FR-CA\">Permet d\u2019apporter des actions correctives lors de probl\u00e8mes majeurs et d\u2019inclure ces d\u00e9tails \u00e0 la d\u00e9claration du vendeur;<\/span><\/li><li><span lang=\"FR-CA\">Permet de fixer un prix juste pour la vente de la propri\u00e9t\u00e9;<\/span><\/li><li><span lang=\"FR-CA\">Inspection effectu\u00e9e selon les crit\u00e8res d\u2019\u00e9valuation pr\u00e9d\u00e9finis par une Norme reconnue (\u00a0APCHQ )<\/span><\/li><li>Remise d\u2019un rapport \u00e9crit complet, incluant photos et recommandations, dans un d\u00e9lai de 24 heures.<\/li><\/ul>\t\t\t\t\t\t\t\t<\/div>\n\t\t\t\t<\/div>\n\t\t\t\t\t<\/div>\n\t\t<\/div>\n\t\t\t\t\t<\/div>\n\t\t<\/section>\n\t\t\t\t\t<\/div>\n\t\t<\/div>\n\t\t\t\t<div class=\"elementor-column elementor-col-33 elementor-top-column elementor-element elementor-element-207cadc\" data-id=\"207cadc\" data-element_type=\"column\" data-e-type=\"column\">\n\t\t\t<div class=\"elementor-widget-wrap elementor-element-populated\">\n\t\t\t\t\t\t<section class=\"elementor-section elementor-inner-section elementor-element elementor-element-8aa7d24 elementor-section-boxed elementor-section-height-default elementor-section-height-default\" data-id=\"8aa7d24\" data-element_type=\"section\" data-e-type=\"section\" data-settings='{\"background_background\":\"classic\",\"_ha_eqh_enable\":false}'>\n\t\t\t\t\t\t<div class=\"elementor-container elementor-column-gap-default\">\n\t\t\t\t\t<div class=\"elementor-column elementor-col-100 elementor-inner-column elementor-element elementor-element-ed95288\" data-id=\"ed95288\" data-element_type=\"column\" data-e-type=\"column\">\n\t\t\t<div class=\"elementor-widget-wrap elementor-element-populated\">\n\t\t\t\t\t\t<div class=\"elementor-element elementor-element-5c752a7 elementor-widget elementor-widget-image\" data-id=\"5c752a7\" data-element_type=\"widget\" data-e-type=\"widget\" data-widget_type=\"image.default\">\n\t\t\t\t<div class=\"elementor-widget-container\">\n\t\t\t\t\t\t\t\t\t\t\t\t\t\t\t<img loading=\"lazy\" decoding=\"async\" width=\"400\" height=\"400\" src=\"https:\/\/fs-inspection.com\/wp-content\/uploads\/2021\/06\/preventive.png\" class=\"elementor-animation-grow attachment-large size-large wp-image-133\" alt=\"\" srcset=\"https:\/\/fs-inspection.com\/wp-content\/uploads\/2021\/06\/preventive.png 400w, https:\/\/fs-inspection.com\/wp-content\/uploads\/2021\/06\/preventive-300x300.png 300w, https:\/\/fs-inspection.com\/wp-content\/uploads\/2021\/06\/preventive-150x150.png 150w\" sizes=\"auto, (max-width: 400px) 100vw, 400px\" loading=\"lazy\">\t\t\t\t\t\t\t\t\t\t\t\t\t\t\t<\/div>\n\t\t\t\t<\/div>\n\t\t\t\t\t<\/div>\n\t\t<\/div>\n\t\t\t\t\t<\/div>\n\t\t<\/section>\n\t\t\t\t<section class=\"elementor-section elementor-inner-section elementor-element elementor-element-55f699c elementor-section-boxed elementor-section-height-default elementor-section-height-default\" data-id=\"55f699c\" data-element_type=\"section\" data-e-type=\"section\" data-settings='{\"background_background\":\"classic\",\"_ha_eqh_enable\":false}'>\n\t\t\t\t\t\t<div class=\"elementor-container elementor-column-gap-default\">\n\t\t\t\t\t<div class=\"elementor-column elementor-col-100 elementor-inner-column elementor-element elementor-element-06f8de1\" data-id=\"06f8de1\" data-element_type=\"column\" data-e-type=\"column\">\n\t\t\t<div class=\"elementor-widget-wrap elementor-element-populated\">\n\t\t\t\t\t\t<div class=\"elementor-element elementor-element-c17f0b2 elementor-widget elementor-widget-heading\" data-id=\"c17f0b2\" data-element_type=\"widget\" data-e-type=\"widget\" data-widget_type=\"heading.default\">\n\t\t\t\t<div class=\"elementor-widget-container\">\n\t\t\t\t\t<h2 class=\"elementor-heading-title elementor-size-default\">Inspection Pr\u00e9ventive\n<\/h2>\t\t\t\t<\/div>\n\t\t\t\t<\/div>\n\t\t\t\t\t<\/div>\n\t\t<\/div>\n\t\t\t\t\t<\/div>\n\t\t<\/section>\n\t\t\t\t<section class=\"elementor-section elementor-inner-section elementor-element elementor-element-233729c elementor-section-boxed elementor-section-height-default elementor-section-height-default\" data-id=\"233729c\" data-element_type=\"section\" data-e-type=\"section\" data-settings='{\"background_background\":\"classic\",\"_ha_eqh_enable\":false}'>\n\t\t\t\t\t\t<div class=\"elementor-container elementor-column-gap-default\">\n\t\t\t\t\t<div class=\"elementor-column elementor-col-100 elementor-inner-column elementor-element elementor-element-88b6fcd\" data-id=\"88b6fcd\" data-element_type=\"column\" data-e-type=\"column\">\n\t\t\t<div class=\"elementor-widget-wrap elementor-element-populated\">\n\t\t\t\t\t\t<div class=\"elementor-element elementor-element-dde710e elementor-widget elementor-widget-text-editor\" data-id=\"dde710e\" data-element_type=\"widget\" data-e-type=\"widget\" data-widget_type=\"text-editor.default\">\n\t\t\t\t<div class=\"elementor-widget-container\">\n\t\t\t\t\t\t\t\t\t<ul><li><span lang=\"FR-CA\">Obtention d\u2019une opinion externe et objective de l\u2019\u00e9tat de votre propri\u00e9t\u00e9;<\/span><\/li><li><span lang=\"FR-CA\">Obtention d\u2019un r\u00e9sum\u00e9 explicatif de l\u2019\u00e9tat visuel de la propri\u00e9t\u00e9;<\/span><\/li><li><span lang=\"FR-CA\">Obtention d\u2019une liste compl\u00e8te de recommandations;<\/span><\/li><li><span lang=\"FR-CA\">Permet d\u2019\u00e9valuer les travaux mineurs ou majeurs \u00e0 effectuer;<\/span><\/li><li><span lang=\"FR-CA\">Permet de prioriser les correctifs et am\u00e9liorations \u00e0 apporter \u00e0 la propri\u00e9t\u00e9 et d\u2019\u00e9tablir un plan budg\u00e9taire;<\/span><\/li><li><span lang=\"FR-CA\">Remise d\u2019un rapport \u00e9crit complet, incluant photos et recommandations, dans un d\u00e9lai de 24 heures.<\/span><\/li><\/ul>\t\t\t\t\t\t\t\t<\/div>\n\t\t\t\t<\/div>\n\t\t\t\t\t<\/div>\n\t\t<\/div>\n\t\t\t\t\t<\/div>\n\t\t<\/section>\n\t\t\t\t\t<\/div>\n\t\t<\/div>\n\t\t\t\t\t<\/div>\n\t\t<\/section>\n\t\t\t\t<section class=\"elementor-section elementor-top-section elementor-element elementor-element-ccf3a74 elementor-section-height-min-height elementor-section-boxed elementor-section-height-default elementor-section-items-middle\" data-id=\"ccf3a74\" data-element_type=\"section\" data-e-type=\"section\" data-settings='{\"background_background\":\"classic\",\"_ha_eqh_enable\":false}'>\n\t\t\t\t\t\t<div class=\"elementor-container elementor-column-gap-default\">\n\t\t\t\t\t<div class=\"elementor-column elementor-col-100 elementor-top-column elementor-element elementor-element-e343243\" data-id=\"e343243\" data-element_type=\"column\" data-e-type=\"column\">\n\t\t\t<div class=\"elementor-widget-wrap elementor-element-populated\">\n\t\t\t\t\t\t<section class=\"elementor-section elementor-inner-section elementor-element elementor-element-2398bc1 elementor-section-boxed elementor-section-height-default elementor-section-height-default\" data-id=\"2398bc1\" data-element_type=\"section\" data-e-type=\"section\" data-settings='{\"_ha_eqh_enable\":false}'>\n\t\t\t\t\t\t<div class=\"elementor-container elementor-column-gap-default\">\n\t\t\t\t\t<div class=\"elementor-column elementor-col-100 elementor-inner-column elementor-element elementor-element-8b1e600\" data-id=\"8b1e600\" data-element_type=\"column\" data-e-type=\"column\" data-settings='{\"background_background\":\"classic\"}'>\n\t\t\t<div class=\"elementor-widget-wrap\">\n\t\t\t\t\t\t\t<\/div>\n\t\t<\/div>\n\t\t\t\t\t<\/div>\n\t\t<\/section>\n\t\t\t\t<section class=\"elementor-section elementor-inner-section elementor-element elementor-element-4fd6d21 elementor-section-boxed elementor-section-height-default elementor-section-height-default\" data-id=\"4fd6d21\" data-element_type=\"section\" data-e-type=\"section\" data-settings='{\"_ha_eqh_enable\":false}'>\n\t\t\t\t\t\t<div class=\"elementor-container elementor-column-gap-default\">\n\t\t\t\t\t<div class=\"elementor-column elementor-col-100 elementor-inner-column elementor-element elementor-element-822ba1e\" data-id=\"822ba1e\" data-element_type=\"column\" data-e-type=\"column\">\n\t\t\t<div class=\"elementor-widget-wrap elementor-element-populated\">\n\t\t\t\t\t\t\t<\/div>\n\t\t<\/div>\n\t\t\t\t\t<\/div>\n\t\t<\/section>\n\t\t\t\t\t<\/div>\n\t\t<\/div>\n\t\t\t\t\t<\/div>\n\t\t<\/section>\n\t\t\t\t<\/div>\n\t\t<\/body>","protected":false},"excerpt":{"rendered":"<p>Services Types d\u2019inspection Inspection Pr\u00e9 Achat \u00c9tape absolument n\u00e9cessaire avant de proc\u00e9der \u00e0 l\u2019achat d\u2019une propri\u00e9t\u00e9; Obtention d\u2019un r\u00e9sum\u00e9 explicatif de l\u2019\u00e9tat visuel de la propri\u00e9t\u00e9; Permet d\u2019avoir en main tous les d\u00e9tails concernant l\u2019\u00e9tat g\u00e9n\u00e9ral de la propri\u00e9t\u00e9 et de ses composantes; Offre une opinion objective de la propri\u00e9t\u00e9 et de la gravit\u00e9 des [&hellip;]<\/p>\n","protected":false},"author":2,"featured_media":0,"parent":0,"menu_order":0,"comment_status":"closed","ping_status":"open","template":"","meta":{"site-sidebar-layout":"no-sidebar","site-content-layout":"page-builder","ast-site-content-layout":"default","site-content-style":"default","site-sidebar-style":"default","ast-global-header-display":"","ast-banner-title-visibility":"","ast-main-header-display":"","ast-hfb-above-header-display":"","ast-hfb-below-header-display":"","ast-hfb-mobile-header-display":"","site-post-title":"disabled","ast-breadcrumbs-content":"","ast-featured-img":"disabled","footer-sml-layout":"","ast-disable-related-posts":"","theme-transparent-header-meta":"default","adv-header-id-meta":"","stick-header-meta":"","header-above-stick-meta":"","header-main-stick-meta":"","header-below-stick-meta":"","astra-migrate-meta-layouts":"default","ast-page-background-enabled":"default","ast-page-background-meta":{"desktop":{"background-color":"","background-image":"","background-repeat":"repeat","background-position":"center center","background-size":"auto","background-attachment":"scroll","background-type":"","background-media":"","overlay-type":"","overlay-color":"","overlay-opacity":"","overlay-gradient":""},"tablet":{"background-color":"","background-image":"","background-repeat":"repeat","background-position":"center center","background-size":"auto","background-attachment":"scroll","background-type":"","background-media":"","overlay-type":"","overlay-color":"","overlay-opacity":"","overlay-gradient":""},"mobile":{"background-color":"","background-image":"","background-repeat":"repeat","background-position":"center center","background-size":"auto","background-attachment":"scroll","background-type":"","background-media":"","overlay-type":"","overlay-color":"","overlay-opacity":"","overlay-gradient":""}},"ast-content-background-meta":{"desktop":{"background-color":"var(--ast-global-color-5)","background-image":"","background-repeat":"repeat","background-position":"center center","background-size":"auto","background-attachment":"scroll","background-type":"","background-media":"","overlay-type":"","overlay-color":"","overlay-opacity":"","overlay-gradient":""},"tablet":{"background-color":"var(--ast-global-color-5)","background-image":"","background-repeat":"repeat","background-position":"center center","background-size":"auto","background-attachment":"scroll","background-type":"","background-media":"","overlay-type":"","overlay-color":"","overlay-opacity":"","overlay-gradient":""},"mobile":{"background-color":"var(--ast-global-color-5)","background-image":"","background-repeat":"repeat","background-position":"center center","background-size":"auto","background-attachment":"scroll","background-type":"","background-media":"","overlay-type":"","overlay-color":"","overlay-opacity":"","overlay-gradient":""}},"footnotes":""},"class_list":["post-92","page","type-page","status-publish","hentry"],"_links":{"self":[{"href":"https:\/\/fs-inspection.com\/index.php\/wp-json\/wp\/v2\/pages\/92","targetHints":{"allow":["GET"]}}],"collection":[{"href":"https:\/\/fs-inspection.com\/index.php\/wp-json\/wp\/v2\/pages"}],"about":[{"href":"https:\/\/fs-inspection.com\/index.php\/wp-json\/wp\/v2\/types\/page"}],"author":[{"embeddable":true,"href":"https:\/\/fs-inspection.com\/index.php\/wp-json\/wp\/v2\/users\/2"}],"replies":[{"embeddable":true,"href":"https:\/\/fs-inspection.com\/index.php\/wp-json\/wp\/v2\/comments?post=92"}],"version-history":[{"count":190,"href":"https:\/\/fs-inspection.com\/index.php\/wp-json\/wp\/v2\/pages\/92\/revisions"}],"predecessor-version":[{"id":832,"href":"https:\/\/fs-inspection.com\/index.php\/wp-json\/wp\/v2\/pages\/92\/revisions\/832"}],"wp:attachment":[{"href":"https:\/\/fs-inspection.com\/index.php\/wp-json\/wp\/v2\/media?parent=92"}],"curies":[{"name":"wp","href":"https:\/\/api.w.org\/{rel}","templated":true}]}}