{"id":189,"date":"2021-06-01T22:04:27","date_gmt":"2021-06-01T22:04:27","guid":{"rendered":"http:\/\/fs-inspection.com\/?page_id=189"},"modified":"2023-11-07T19:09:36","modified_gmt":"2023-11-08T00:09:36","slug":"a-propos","status":"publish","type":"page","link":"https:\/\/fs-inspection.com\/index.php\/a-propos\/","title":{"rendered":"a propos"},"content":{"rendered":"<body>\t\t<div data-elementor-type=\"wp-page\" data-elementor-id=\"189\" class=\"elementor elementor-189\" data-elementor-settings='{\"ha_cmc_init_switcher\":\"no\"}'>\n\t\t\t\t\t\t<section class=\"elementor-section elementor-top-section elementor-element elementor-element-8c64dee elementor-section-boxed elementor-section-height-default elementor-section-height-default\" data-id=\"8c64dee\" data-element_type=\"section\" data-e-type=\"section\" data-settings='{\"background_background\":\"classic\",\"_ha_eqh_enable\":false}'>\n\t\t\t\t\t\t<div class=\"elementor-container elementor-column-gap-default\">\n\t\t\t\t\t<div class=\"elementor-column elementor-col-100 elementor-top-column elementor-element elementor-element-88e1503\" data-id=\"88e1503\" data-element_type=\"column\" data-e-type=\"column\">\n\t\t\t<div class=\"elementor-widget-wrap elementor-element-populated\">\n\t\t\t\t\t\t<div class=\"elementor-element elementor-element-3fbeadf elementor-widget elementor-widget-heading\" data-id=\"3fbeadf\" data-element_type=\"widget\" data-e-type=\"widget\" data-widget_type=\"heading.default\">\n\t\t\t\t<div class=\"elementor-widget-container\">\n\t\t\t\t\t<h2 class=\"elementor-heading-title elementor-size-default\">Inspecteur en b\u00e2timent - Certifi\u00e9 <span lang=\"FR-CA\" style=\"font-weight: 400;white-space: normal\">APCHQ\u00a0<\/span>\n<\/h2>\t\t\t\t<\/div>\n\t\t\t\t<\/div>\n\t\t\t\t<section class=\"elementor-section elementor-inner-section elementor-element elementor-element-81a000f elementor-section-boxed elementor-section-height-default elementor-section-height-default\" data-id=\"81a000f\" data-element_type=\"section\" data-e-type=\"section\" data-settings='{\"_ha_eqh_enable\":false}'>\n\t\t\t\t\t\t<div class=\"elementor-container elementor-column-gap-default\">\n\t\t\t\t\t<div class=\"elementor-column elementor-col-50 elementor-inner-column elementor-element elementor-element-7a99fa1\" data-id=\"7a99fa1\" data-element_type=\"column\" data-e-type=\"column\">\n\t\t\t<div class=\"elementor-widget-wrap elementor-element-populated\">\n\t\t\t\t\t\t<div class=\"elementor-element elementor-element-5d88ebc elementor-widget elementor-widget-heading\" data-id=\"5d88ebc\" data-element_type=\"widget\" data-e-type=\"widget\" data-widget_type=\"heading.default\">\n\t\t\t\t<div class=\"elementor-widget-container\">\n\t\t\t\t\t<h2 class=\"elementor-heading-title elementor-size-default\">Objectifs:\n<\/h2>\t\t\t\t<\/div>\n\t\t\t\t<\/div>\n\t\t\t\t<div class=\"elementor-element elementor-element-598684c elementor-widget elementor-widget-text-editor\" data-id=\"598684c\" data-element_type=\"widget\" data-e-type=\"widget\" data-widget_type=\"text-editor.default\">\n\t\t\t\t<div class=\"elementor-widget-container\">\n\t\t\t\t\t\t\t\t\t<p>L\u2019acquisition de votre maison est probablement la plus importante transaction financi\u00e8re de votre vie. Une inspection professionnelle de votre investissement immobilier vous aidera \u00e0 prendre une d\u00e9cision claire et prudente.<\/p><p>Aucune maison n\u2019est parfaite et la plupart des vendeurs sont souvent \u00e9tonn\u00e9s d\u2019apprendre des d\u00e9fauts d\u00e9couverts pendant les inspections. Vous devez prendre en consid\u00e9ration l\u2019\u00e2ge de la propri\u00e9t\u00e9, puisqu\u2019une maison plus ag\u00e9s aura plus de probl\u00e8mes et exigera probablement plus de travaille qu\u2019une maison de 5 ans. Afin de se sentir en s\u00e9curit\u00e9 par rapport \u00e0 votre investissement, appelez nous et nous vous renseignerons sur notre service d\u2019inspections r\u00e9sidentielles \u00e0 Montr\u00e9al et environs.<\/p>\t\t\t\t\t\t\t\t<\/div>\n\t\t\t\t<\/div>\n\t\t\t\t<div class=\"elementor-element elementor-element-b9e6559 elementor-widget elementor-widget-heading\" data-id=\"b9e6559\" data-element_type=\"widget\" data-e-type=\"widget\" data-widget_type=\"heading.default\">\n\t\t\t\t<div class=\"elementor-widget-container\">\n\t\t\t\t\t<h2 class=\"elementor-heading-title elementor-size-default\">Exp\u00e9rience et certification:\n<\/h2>\t\t\t\t<\/div>\n\t\t\t\t<\/div>\n\t\t\t\t<div class=\"elementor-element elementor-element-cef8c25 elementor-widget elementor-widget-text-editor\" data-id=\"cef8c25\" data-element_type=\"widget\" data-e-type=\"widget\" data-widget_type=\"text-editor.default\">\n\t\t\t\t<div class=\"elementor-widget-container\">\n\t\t\t\t\t\t\t\t\t<p>Depuis plus de 10 ans, Steve Sznerch, agit comme estimateur de b\u00e2timent, planification, gestion et ex\u00e9cutions de projets de d\u00e9veloppement important de construction au Qu\u00e9bec.<\/p>\t\t\t\t\t\t\t\t<\/div>\n\t\t\t\t<\/div>\n\t\t\t\t\t<\/div>\n\t\t<\/div>\n\t\t\t\t<div class=\"elementor-column elementor-col-50 elementor-inner-column elementor-element elementor-element-c588907\" data-id=\"c588907\" data-element_type=\"column\" data-e-type=\"column\">\n\t\t\t<div class=\"elementor-widget-wrap elementor-element-populated\">\n\t\t\t\t\t\t<div class=\"elementor-element elementor-element-8465666 elementor-widget elementor-widget-image\" data-id=\"8465666\" data-element_type=\"widget\" data-e-type=\"widget\" data-widget_type=\"image.default\">\n\t\t\t\t<div class=\"elementor-widget-container\">\n\t\t\t\t\t\t\t\t\t\t\t\t\t\t\t<img loading=\"lazy\" decoding=\"async\" width=\"410\" height=\"418\" src=\"https:\/\/fs-inspection.com\/wp-content\/uploads\/2021\/06\/maison.png\" class=\"attachment-large size-large wp-image-210\" alt=\"\" srcset=\"https:\/\/fs-inspection.com\/wp-content\/uploads\/2021\/06\/maison.png 410w, https:\/\/fs-inspection.com\/wp-content\/uploads\/2021\/06\/maison-294x300.png 294w\" sizes=\"auto, (max-width: 410px) 100vw, 410px\" loading=\"lazy\">\t\t\t\t\t\t\t\t\t\t\t\t\t\t\t<\/div>\n\t\t\t\t<\/div>\n\t\t\t\t\t<\/div>\n\t\t<\/div>\n\t\t\t\t\t<\/div>\n\t\t<\/section>\n\t\t\t\t<section class=\"elementor-section elementor-inner-section elementor-element elementor-element-38586e6 elementor-section-boxed elementor-section-height-default elementor-section-height-default\" data-id=\"38586e6\" data-element_type=\"section\" data-e-type=\"section\" data-settings='{\"_ha_eqh_enable\":false}'>\n\t\t\t\t\t\t<div class=\"elementor-container elementor-column-gap-default\">\n\t\t\t\t\t<div class=\"elementor-column elementor-col-50 elementor-inner-column elementor-element elementor-element-4c5ce82\" data-id=\"4c5ce82\" data-element_type=\"column\" data-e-type=\"column\">\n\t\t\t<div class=\"elementor-widget-wrap elementor-element-populated\">\n\t\t\t\t\t\t<div class=\"elementor-element elementor-element-eee9b53 elementor-widget elementor-widget-heading\" data-id=\"eee9b53\" data-element_type=\"widget\" data-e-type=\"widget\" data-widget_type=\"heading.default\">\n\t\t\t\t<div class=\"elementor-widget-container\">\n\t\t\t\t\t<h2 class=\"elementor-heading-title elementor-size-default\">Ce qui caract\u00e9rise notre inspecteur <\/h2>\t\t\t\t<\/div>\n\t\t\t\t<\/div>\n\t\t\t\t<div class=\"elementor-element elementor-element-8af5ea5 elementor-widget elementor-widget-text-editor\" data-id=\"8af5ea5\" data-element_type=\"widget\" data-e-type=\"widget\" data-widget_type=\"text-editor.default\">\n\t\t\t\t<div class=\"elementor-widget-container\">\n\t\t\t\t\t\t\t\t\t<p><span style=\"font-style: inherit; font-weight: inherit; color: var( --e-global-color-text );\">\u2013\u00a0\u00a0\u00a0\u00a0\u00a0\u00a0\u00a0\u00a0\u00a0 Formation professionnelle en estimation de co\u00fbts de construction.<\/span><\/p><p>\u2013\u00a0 \u00a0 \u00a0 \u00a0 \u00a0 C\u00e9gep Vanier Formation insp\u00e9cteur en b\u00e2timent r\u00e9sidentielles.<\/p><p>\u2013\u00a0\u00a0\u00a0\u00a0\u00a0\u00a0\u00a0\u00a0\u00a0 Planification, estimation et ex\u00e9cution des projets de construction.<\/p><p>\u2013\u00a0\u00a0\u00a0\u00a0\u00a0\u00a0\u00a0\u00a0\u00a0 Gestions et lecture de plan, addenda et devis de construction.<\/p><p>\u2013\u00a0\u00a0\u00a0\u00a0\u00a0\u00a0\u00a0\u00a0\u00a0 Inspection bas\u00e9e sur les normes de pratique selon l\u2019<span style=\"caret-color: #000000; color: #000000; font-size: 1rem;\">APCHQ<\/span><\/p><p>\u2013\u00a0\u00a0\u00a0\u00a0\u00a0\u00a0\u00a0\u00a0\u00a0 Propri\u00e9taire et investisseur de propri\u00e9t\u00e9s \u00e0 multi logement.<\/p><p>\u2013\u00a0\u00a0\u00a0\u00a0\u00a0\u00a0\u00a0\u00a0\u00a0 Exp\u00e9rience sur plusieurs projets de r\u00e9novation.<\/p><p>\u2013\u00a0\u00a0\u00a0\u00a0\u00a0\u00a0\u00a0\u00a0\u00a0 Formateur en inspection de b\u00e2timent au C\u00e9gep Vanier depuis 2019.<\/p><p>\u2013\u00a0\u00a0\u00a0\u00a0\u00a0\u00a0\u00a0\u00a0\u00a0 Propri\u00e9taire d\u2019immeubles r\u00e9sidentiels.<\/p>\t\t\t\t\t\t\t\t<\/div>\n\t\t\t\t<\/div>\n\t\t\t\t<div class=\"elementor-element elementor-element-fa40ed3 elementor-widget elementor-widget-heading\" data-id=\"fa40ed3\" data-element_type=\"widget\" data-e-type=\"widget\" data-widget_type=\"heading.default\">\n\t\t\t\t<div class=\"elementor-widget-container\">\n\t\t\t\t\t<h2 class=\"elementor-heading-title elementor-size-default\">Exp\u00e9rience et certification:\n<\/h2>\t\t\t\t<\/div>\n\t\t\t\t<\/div>\n\t\t\t\t<div class=\"elementor-element elementor-element-0e3b86f elementor-widget elementor-widget-text-editor\" data-id=\"0e3b86f\" data-element_type=\"widget\" data-e-type=\"widget\" data-widget_type=\"text-editor.default\">\n\t\t\t\t<div class=\"elementor-widget-container\">\n\t\t\t\t\t\t\t\t\t<p>Depuis plus de 10 ans, Steve Sznerch, a agit comme estimateur de b\u00e2timent, planification, gestion et ex\u00e9cutions de projets de d\u00e9veloppement important de construction au Qu\u00e9bec.<\/p>\t\t\t\t\t\t\t\t<\/div>\n\t\t\t\t<\/div>\n\t\t\t\t\t<\/div>\n\t\t<\/div>\n\t\t\t\t<div class=\"elementor-column elementor-col-50 elementor-inner-column elementor-element elementor-element-5017e74\" data-id=\"5017e74\" data-element_type=\"column\" data-e-type=\"column\">\n\t\t\t<div class=\"elementor-widget-wrap elementor-element-populated\">\n\t\t\t\t\t\t<div class=\"elementor-element elementor-element-2cbd90e elementor-widget elementor-widget-image\" data-id=\"2cbd90e\" data-element_type=\"widget\" data-e-type=\"widget\" data-widget_type=\"image.default\">\n\t\t\t\t<div class=\"elementor-widget-container\">\n\t\t\t\t\t\t\t\t\t\t\t\t\t\t\t<img loading=\"lazy\" decoding=\"async\" width=\"231\" height=\"506\" src=\"https:\/\/fs-inspection.com\/wp-content\/uploads\/2021\/07\/Steve-Sznerch-001.jpg\" class=\"attachment-large size-large wp-image-745\" alt=\"\" srcset=\"https:\/\/fs-inspection.com\/wp-content\/uploads\/2021\/07\/Steve-Sznerch-001.jpg 231w, https:\/\/fs-inspection.com\/wp-content\/uploads\/2021\/07\/Steve-Sznerch-001-137x300.jpg 137w\" sizes=\"auto, (max-width: 231px) 100vw, 231px\" loading=\"lazy\">\t\t\t\t\t\t\t\t\t\t\t\t\t\t\t<\/div>\n\t\t\t\t<\/div>\n\t\t\t\t\t<\/div>\n\t\t<\/div>\n\t\t\t\t\t<\/div>\n\t\t<\/section>\n\t\t\t\t<section class=\"elementor-section elementor-inner-section elementor-element elementor-element-d845627 elementor-section-boxed elementor-section-height-default elementor-section-height-default\" data-id=\"d845627\" data-element_type=\"section\" data-e-type=\"section\" data-settings='{\"_ha_eqh_enable\":false}'>\n\t\t\t\t\t\t<div class=\"elementor-container elementor-column-gap-default\">\n\t\t\t\t\t<div class=\"elementor-column elementor-col-100 elementor-inner-column elementor-element elementor-element-d8d6e9f\" data-id=\"d8d6e9f\" data-element_type=\"column\" data-e-type=\"column\">\n\t\t\t<div class=\"elementor-widget-wrap elementor-element-populated\">\n\t\t\t\t\t\t\t<\/div>\n\t\t<\/div>\n\t\t\t\t\t<\/div>\n\t\t<\/section>\n\t\t\t\t<section class=\"elementor-section elementor-inner-section elementor-element elementor-element-d854f1d elementor-section-boxed elementor-section-height-default elementor-section-height-default\" data-id=\"d854f1d\" data-element_type=\"section\" data-e-type=\"section\" data-settings='{\"_ha_eqh_enable\":false}'>\n\t\t\t\t\t\t<div class=\"elementor-container elementor-column-gap-default\">\n\t\t\t\t\t<div class=\"elementor-column elementor-col-100 elementor-inner-column elementor-element elementor-element-05e8877\" data-id=\"05e8877\" data-element_type=\"column\" data-e-type=\"column\">\n\t\t\t<div class=\"elementor-widget-wrap elementor-element-populated\">\n\t\t\t\t\t\t<div class=\"elementor-element elementor-element-e1aa307 elementor-widget elementor-widget-heading\" data-id=\"e1aa307\" data-element_type=\"widget\" data-e-type=\"widget\" data-widget_type=\"heading.default\">\n\t\t\t\t<div class=\"elementor-widget-container\">\n\t\t\t\t\t<h2 class=\"elementor-heading-title elementor-size-default\">Service et tarifs:\n<\/h2>\t\t\t\t<\/div>\n\t\t\t\t<\/div>\n\t\t\t\t<div class=\"elementor-element elementor-element-a7b4d28 elementor-widget elementor-widget-text-editor\" data-id=\"a7b4d28\" data-element_type=\"widget\" data-e-type=\"widget\" data-widget_type=\"text-editor.default\">\n\t\t\t\t<div class=\"elementor-widget-container\">\n\t\t\t\t\t\t\t\t\t<p>Une fois l\u2019inspection compl\u00e9t\u00e9e, vous recevrez un rapport complet et d\u00e9taill\u00e9, incluant photos et description des conditions actuelles de la propri\u00e9t\u00e9, en plus de recommandations sur les am\u00e9liorations possibles.<\/p><p>Pour conna\u00eetre nos\u00a0tarifs, veuillez compl\u00e9ter la\u00a0<a title=\"Contact\" href=\"http:\/\/fs-inspection.com\/index.php\/contact\/\">fiche contact<\/a>\u00a0et nous\u00a0pourrons vous transmettre une soumission.<\/p>\t\t\t\t\t\t\t\t<\/div>\n\t\t\t\t<\/div>\n\t\t\t\t\t<\/div>\n\t\t<\/div>\n\t\t\t\t\t<\/div>\n\t\t<\/section>\n\t\t\t\t\t<\/div>\n\t\t<\/div>\n\t\t\t\t\t<\/div>\n\t\t<\/section>\n\t\t\t\t<\/div>\n\t\t<\/body>","protected":false},"excerpt":{"rendered":"<p>Inspecteur en b\u00e2timent &#8211; Certifi\u00e9 APCHQ\u00a0 Objectifs: L\u2019acquisition de votre maison est probablement la plus importante transaction financi\u00e8re de votre vie. Une inspection professionnelle de votre investissement immobilier vous aidera \u00e0 prendre une d\u00e9cision claire et prudente. Aucune maison n&#8217;est parfaite et la plupart des vendeurs sont souvent \u00e9tonn\u00e9s d&#8217;apprendre des d\u00e9fauts d\u00e9couverts pendant les [&hellip;]<\/p>\n","protected":false},"author":2,"featured_media":0,"parent":0,"menu_order":0,"comment_status":"closed","ping_status":"open","template":"","meta":{"site-sidebar-layout":"no-sidebar","site-content-layout":"page-builder","ast-site-content-layout":"default","site-content-style":"default","site-sidebar-style":"default","ast-global-header-display":"","ast-banner-title-visibility":"","ast-main-header-display":"","ast-hfb-above-header-display":"","ast-hfb-below-header-display":"","ast-hfb-mobile-header-display":"","site-post-title":"disabled","ast-breadcrumbs-content":"","ast-featured-img":"disabled","footer-sml-layout":"","ast-disable-related-posts":"","theme-transparent-header-meta":"default","adv-header-id-meta":"","stick-header-meta":"","header-above-stick-meta":"","header-main-stick-meta":"","header-below-stick-meta":"","astra-migrate-meta-layouts":"default","ast-page-background-enabled":"default","ast-page-background-meta":{"desktop":{"background-color":"","background-image":"","background-repeat":"repeat","background-position":"center center","background-size":"auto","background-attachment":"scroll","background-type":"","background-media":"","overlay-type":"","overlay-color":"","overlay-opacity":"","overlay-gradient":""},"tablet":{"background-color":"","background-image":"","background-repeat":"repeat","background-position":"center center","background-size":"auto","background-attachment":"scroll","background-type":"","background-media":"","overlay-type":"","overlay-color":"","overlay-opacity":"","overlay-gradient":""},"mobile":{"background-color":"","background-image":"","background-repeat":"repeat","background-position":"center center","background-size":"auto","background-attachment":"scroll","background-type":"","background-media":"","overlay-type":"","overlay-color":"","overlay-opacity":"","overlay-gradient":""}},"ast-content-background-meta":{"desktop":{"background-color":"var(--ast-global-color-5)","background-image":"","background-repeat":"repeat","background-position":"center center","background-size":"auto","background-attachment":"scroll","background-type":"","background-media":"","overlay-type":"","overlay-color":"","overlay-opacity":"","overlay-gradient":""},"tablet":{"background-color":"var(--ast-global-color-5)","background-image":"","background-repeat":"repeat","background-position":"center center","background-size":"auto","background-attachment":"scroll","background-type":"","background-media":"","overlay-type":"","overlay-color":"","overlay-opacity":"","overlay-gradient":""},"mobile":{"background-color":"var(--ast-global-color-5)","background-image":"","background-repeat":"repeat","background-position":"center center","background-size":"auto","background-attachment":"scroll","background-type":"","background-media":"","overlay-type":"","overlay-color":"","overlay-opacity":"","overlay-gradient":""}},"footnotes":""},"class_list":["post-189","page","type-page","status-publish","hentry"],"_links":{"self":[{"href":"https:\/\/fs-inspection.com\/index.php\/wp-json\/wp\/v2\/pages\/189","targetHints":{"allow":["GET"]}}],"collection":[{"href":"https:\/\/fs-inspection.com\/index.php\/wp-json\/wp\/v2\/pages"}],"about":[{"href":"https:\/\/fs-inspection.com\/index.php\/wp-json\/wp\/v2\/types\/page"}],"author":[{"embeddable":true,"href":"https:\/\/fs-inspection.com\/index.php\/wp-json\/wp\/v2\/users\/2"}],"replies":[{"embeddable":true,"href":"https:\/\/fs-inspection.com\/index.php\/wp-json\/wp\/v2\/comments?post=189"}],"version-history":[{"count":125,"href":"https:\/\/fs-inspection.com\/index.php\/wp-json\/wp\/v2\/pages\/189\/revisions"}],"predecessor-version":[{"id":839,"href":"https:\/\/fs-inspection.com\/index.php\/wp-json\/wp\/v2\/pages\/189\/revisions\/839"}],"wp:attachment":[{"href":"https:\/\/fs-inspection.com\/index.php\/wp-json\/wp\/v2\/media?parent=189"}],"curies":[{"name":"wp","href":"https:\/\/api.w.org\/{rel}","templated":true}]}}